{"id":364,"date":"2022-04-03T20:33:13","date_gmt":"2022-04-03T20:33:13","guid":{"rendered":"https:\/\/fusinglass.com\/?page_id=364"},"modified":"2022-04-03T20:49:04","modified_gmt":"2022-04-03T20:49:04","slug":"politica-de-cookies","status":"publish","type":"page","link":"https:\/\/fusinglass.com\/index.php\/politica-de-cookies\/","title":{"rendered":"Pol\u00edtica de Cookies"},"content":{"rendered":"\n<h2 class=\"wp-block-heading\">Pol\u00edtica de Cookies<\/h2>\n\n\n\n<p>Utilizamos cookies propias y de terceros para proporcionarte una mejor experiencia de navegaci\u00f3n, para elaborar informaci\u00f3n estad\u00edstica de nuestro sitio web y ofrecerte publicidad. Pulsa el bot\u00f3n aceptar para confirmar que ha le\u00eddo y est\u00e1 de acuerdo con esta informaci\u00f3n. Tambi\u00e9n puede obtener m\u00e1s informaci\u00f3n, o bien para conocer c\u00f3mo cambiar la configuraci\u00f3n, puede acceder haciendo clic aqu\u00ed.<\/p>\n\n\n\n<h2 class=\"wp-block-heading\">\u00bfQU\u00c9 ES UNA COOKIE?<\/h2>\n\n\n\n<p>Una galleta (o cookie) es un archivo que se descarga en su ordenador al acceder a determinadas p\u00e1ginas web. Las cookies permiten a una p\u00e1gina web, entre otras cosas, almacenar y recuperar informaci\u00f3n sobre los h\u00e1bitos de navegaci\u00f3n de un usuario o de su equipo y, dependiendo de la informaci\u00f3n que contengan y de la forma en que utilice su equipo, se pueden utilizar para reconocer al usuario.&nbsp;<\/p>\n\n\n\n<h2 class=\"wp-block-heading\"><strong>\u00bfQUE TIPO DE COOKIES UTILIZAMOS?<\/strong><\/h2>\n\n\n\n<p>Seg\u00fan el plazo de tiempo que permanecen activas las galletas pueden ser:<\/p>\n\n\n\n<ul class=\"wp-block-list\"><li>Cookies de sesi\u00f3n: dise\u00f1adas para recabar y almacenar datos mientras el usuario accede a una p\u00e1gina web. Se suelen emplear para almacenar informaci\u00f3n que s\u00f3lo interesa conservar para la prestaci\u00f3n del servicio solicitado por el usuario en una sola ocasi\u00f3n (por ejemplo, una lista de productos adquiridos).<\/li><\/ul>\n\n\n\n<ul class=\"wp-block-list\"><li>Galletas constantes: Son un tipo de galletas para las que los datos siguen almacenados en el terminal y puede accederse a ellos y ser tratados durante un periodo definido. Tienen fecha de borrado. Se utilizan por ejemplo en el proceso de compra o registro para evitar tener que introducir nuestros datos constantemente.<\/li><\/ul>\n\n\n\n<p>Cuando navegues por www.fusinglass.com se pueden instalar en tu dispositivo las cookies:<\/p>\n\n\n\n<ul class=\"wp-block-list\"><li>Galletas de registro: Cuando el usuario entra en nuestra web e inicia sesi\u00f3n instala una cookie propia y temporal para que pueda navegar por su zona de usuario sin tener que introducir sus datos continuamente. Esta cookie desaparecer\u00e1 cuando cierre sesi\u00f3n.<\/li><\/ul>\n\n\n\n<ul class=\"wp-block-list\"><li>Galletas de an\u00e1lisis: Sirven para estudiar el comportamiento de los usuarios de forma an\u00f3nima al navegar por nuestra web. As\u00ed podremos conocer los contenidos m\u00e1s vistos, el n\u00famero de visitantes, etc. Una informaci\u00f3n que utilizaremos para mejorar la experiencia de navegaci\u00f3n y optimizar nuestros servicios. Pueden ser propias, pero tambi\u00e9n de terceros. Entre estas \u00faltimas se encuentran las cookies de Google Analytics.<\/li><\/ul>\n\n\n\n<ul class=\"wp-block-list\"><li>Galletas publicitarias de terceros: El objetivo es optimizar la exposici\u00f3n de anuncios publicitarios. Para gestionar estos servicios utilizamos la plataforma de Doubleclick de Google que almacena informaci\u00f3n sobre los anuncios que han sido mostrados a un usuario, los que le interesan y si visita la web del anunciante.<\/li><li>Galletas de personalizaci\u00f3n de terceros: El objetivo es personalizar el contenido web y hacerte recomendaciones en base a tus intereses. Para ello, podremos utilizar cookies de terceros y la plataforma de personalizaci\u00f3n provista por nuestros socios operadores de telecomunicaciones, que tendr\u00e1n acceso a la direcci\u00f3n IP desde la que navegas y que, en caso de que seas cliente de este operador, nos ayudar\u00eda personalizar las recomendaciones sobre contenidos de tu inter\u00e9s.<\/li><\/ul>\n\n\n\n<p><strong>CONFIGURACI\u00d3N, CONSULTA Y DESACTIVACI\u00d3N de cookies<\/strong><\/p>\n\n\n\n<p>Usted puede permitir, bloquear o eliminar las cookies instaladas en su equipo mediante la configuraci\u00f3n de las opciones del navegador en su ordenador:<\/p>\n\n\n\n<ul class=\"wp-block-list\"><li>Chrome desde&nbsp;<a href=\"http:\/\/support.google.com\/chrome\/bin\/answer.py?hl=es&amp;answer=95647\">http:\/\/support.google.com\/chrome\/bin\/answer.py?hl=es&amp;answer=95647<\/a><\/li><li>Safari desde&nbsp;<a href=\"http:\/\/support.apple.com\/kb\/ph5042\">http:\/\/support.apple.com\/kb\/ph5042<\/a><\/li><li>Explorer desde&nbsp;<a href=\"http:\/\/windows.microsoft.com\/es-es\/windows7\/how-to-manage-cookies-in-internet-explorer-9\">http:\/\/windows.microsoft.com\/es-es\/windows7\/how-to-manage-cookies-in-internet-explorer-9<\/a><\/li><li>Firefox desde&nbsp;<a href=\"http:\/\/support.mozilla.org\/es\/kb\/habilitar-y-deshabilitar-cookies-que-los-sitios-we\">http:\/\/support.mozilla.org\/es\/kb\/habilitar-y-deshabilitar-cookies-que-los-sitios-we<\/a><\/li><\/ul>\n\n\n\n<p>Si decide desactivar las cookies no podremos ofrecerle algunos de nuestros servicios como, por ejemplo, permanecer identificado o mantener contenidos personalizados para usted.<\/p>\n\n\n\n<p><strong>ACTUALIZACI\u00d3N DE COOKIES<\/strong><\/p>\n\n\n\n<p>Las galletas de www.fusinglass.com pueden ser actualizadas por lo que aconsejamos que revisen nuestra pol\u00edtica de forma peri\u00f3dica.<\/p>\n","protected":false},"excerpt":{"rendered":"<p>Pol\u00edtica de Cookies Utilizamos cookies propias y de terceros para proporcionarte una mejor experiencia de navegaci\u00f3n, para elaborar informaci\u00f3n estad\u00edstica de nuestro sitio web y ofrecerte publicidad. Pulsa el bot\u00f3n aceptar para confirmar que ha le\u00eddo y est\u00e1 de acuerdo con esta informaci\u00f3n. Tambi\u00e9n puede obtener m\u00e1s informaci\u00f3n, o bien para conocer c\u00f3mo cambiar la &hellip;<\/p>\n<p class=\"read-more\"> <a class=\"\" href=\"https:\/\/fusinglass.com\/index.php\/politica-de-cookies\/\"> <span class=\"screen-reader-text\">Pol\u00edtica de Cookies<\/span> Leer m\u00e1s &raquo;<\/a><\/p>\n","protected":false},"author":1,"featured_media":0,"parent":0,"menu_order":0,"comment_status":"closed","ping_status":"closed","template":"","meta":{"site-sidebar-layout":"default","site-content-layout":"default","ast-main-header-display":"","ast-hfb-above-header-display":"","ast-hfb-below-header-display":"","ast-hfb-mobile-header-display":"","site-post-title":"disabled","ast-breadcrumbs-content":"","ast-featured-img":"","footer-sml-layout":"","theme-transparent-header-meta":"","adv-header-id-meta":"","stick-header-meta":"","header-above-stick-meta":"","header-main-stick-meta":"","header-below-stick-meta":"","footnotes":""},"class_list":["post-364","page","type-page","status-publish","hentry"],"uagb_featured_image_src":{"full":false,"thumbnail":false,"medium":false,"medium_large":false,"large":false,"1536x1536":false,"2048x2048":false},"uagb_author_info":{"display_name":"admin","author_link":"https:\/\/fusinglass.com\/index.php\/author\/admin_vc9cilt3\/"},"uagb_comment_info":0,"uagb_excerpt":"Pol\u00edtica de Cookies Utilizamos cookies propias y de terceros para proporcionarte una mejor experiencia de navegaci\u00f3n, para elaborar informaci\u00f3n estad\u00edstica de nuestro sitio web y ofrecerte publicidad. Pulsa el bot\u00f3n aceptar para confirmar que ha le\u00eddo y est\u00e1 de acuerdo con esta informaci\u00f3n. Tambi\u00e9n puede obtener m\u00e1s informaci\u00f3n, o bien para conocer c\u00f3mo cambiar la&hellip;","_links":{"self":[{"href":"https:\/\/fusinglass.com\/index.php\/wp-json\/wp\/v2\/pages\/364","targetHints":{"allow":["GET"]}}],"collection":[{"href":"https:\/\/fusinglass.com\/index.php\/wp-json\/wp\/v2\/pages"}],"about":[{"href":"https:\/\/fusinglass.com\/index.php\/wp-json\/wp\/v2\/types\/page"}],"author":[{"embeddable":true,"href":"https:\/\/fusinglass.com\/index.php\/wp-json\/wp\/v2\/users\/1"}],"replies":[{"embeddable":true,"href":"https:\/\/fusinglass.com\/index.php\/wp-json\/wp\/v2\/comments?post=364"}],"version-history":[{"count":2,"href":"https:\/\/fusinglass.com\/index.php\/wp-json\/wp\/v2\/pages\/364\/revisions"}],"predecessor-version":[{"id":367,"href":"https:\/\/fusinglass.com\/index.php\/wp-json\/wp\/v2\/pages\/364\/revisions\/367"}],"wp:attachment":[{"href":"https:\/\/fusinglass.com\/index.php\/wp-json\/wp\/v2\/media?parent=364"}],"curies":[{"name":"wp","href":"https:\/\/api.w.org\/{rel}","templated":true}]}}