{"id":398,"date":"2022-04-04T13:11:57","date_gmt":"2022-04-04T13:11:57","guid":{"rendered":"https:\/\/fusinglass.com\/?page_id=398"},"modified":"2022-04-14T07:38:07","modified_gmt":"2022-04-14T07:38:07","slug":"curvado","status":"publish","type":"page","link":"https:\/\/fusinglass.com\/index.php\/curvado\/","title":{"rendered":"Curvado"},"content":{"rendered":"\n<h1 class=\"has-text-align-center has-ast-global-color-2-color has-text-color wp-block-heading\">Vidrio Curvo<\/h1>\n\n\n\n<figure class=\"wp-block-gallery has-nested-images columns-default is-cropped wp-block-gallery-1 is-layout-flex wp-block-gallery-is-layout-flex\">\n<figure class=\"wp-block-image size-large\"><img loading=\"lazy\" decoding=\"async\" width=\"1024\" height=\"576\" data-id=\"399\" src=\"https:\/\/fusinglass.com\/wp-content\/uploads\/2022\/04\/20171006_113655-1024x576.jpg\" alt=\"\" class=\"wp-image-399\" srcset=\"https:\/\/fusinglass.com\/wp-content\/uploads\/2022\/04\/20171006_113655-1024x576.jpg 1024w, https:\/\/fusinglass.com\/wp-content\/uploads\/2022\/04\/20171006_113655-300x169.jpg 300w, https:\/\/fusinglass.com\/wp-content\/uploads\/2022\/04\/20171006_113655-768x432.jpg 768w, https:\/\/fusinglass.com\/wp-content\/uploads\/2022\/04\/20171006_113655-1536x864.jpg 1536w, https:\/\/fusinglass.com\/wp-content\/uploads\/2022\/04\/20171006_113655-2048x1152.jpg 2048w\" sizes=\"auto, (max-width: 1024px) 100vw, 1024px\" \/><\/figure>\n<\/figure>\n\n\n\n<div class=\"wp-block-columns is-layout-flex wp-container-core-columns-is-layout-9d6595d7 wp-block-columns-is-layout-flex\">\n<div class=\"wp-block-column is-layout-flow wp-block-column-is-layout-flow\">\n<figure class=\"wp-block-gallery has-nested-images columns-default is-cropped wp-block-gallery-2 is-layout-flex wp-block-gallery-is-layout-flex\">\n<figure class=\"wp-block-image size-large\"><img loading=\"lazy\" decoding=\"async\" width=\"1024\" height=\"576\" data-id=\"400\" src=\"https:\/\/fusinglass.com\/wp-content\/uploads\/2022\/04\/19238252_1390255451055307_1603084675104381016_o-1024x576.jpg\" alt=\"\" class=\"wp-image-400\" srcset=\"https:\/\/fusinglass.com\/wp-content\/uploads\/2022\/04\/19238252_1390255451055307_1603084675104381016_o-1024x576.jpg 1024w, https:\/\/fusinglass.com\/wp-content\/uploads\/2022\/04\/19238252_1390255451055307_1603084675104381016_o-300x169.jpg 300w, https:\/\/fusinglass.com\/wp-content\/uploads\/2022\/04\/19238252_1390255451055307_1603084675104381016_o-768x432.jpg 768w, https:\/\/fusinglass.com\/wp-content\/uploads\/2022\/04\/19238252_1390255451055307_1603084675104381016_o-1536x864.jpg 1536w, https:\/\/fusinglass.com\/wp-content\/uploads\/2022\/04\/19238252_1390255451055307_1603084675104381016_o.jpg 2048w\" sizes=\"auto, (max-width: 1024px) 100vw, 1024px\" \/><\/figure>\n<\/figure>\n<\/div>\n\n\n\n<div class=\"wp-block-column is-layout-flow wp-block-column-is-layout-flow\">\n<p><\/p>\n\n\n\n<p><strong>Somos fabricantes de&nbsp;vidrio curvado<\/strong>, poseemos las herramientas necesarias para dicha fabricaci\u00f3n, desde que entra la plancha de vidrio hasta que se hace entrega del trabajo al cliente.<\/p>\n\n\n\n<p><strong><strong>Un material vers\u00e1til para arquitectos y proyectistas<\/strong>.<\/strong><\/p>\n\n\n\n<p><strong><strong>Versatilidad para ser utilizado tanto en exteriores como en el interior<\/strong><\/strong>.<\/p>\n<\/div>\n<\/div>\n\n\n\n<div class=\"wp-block-columns is-layout-flex wp-container-core-columns-is-layout-9d6595d7 wp-block-columns-is-layout-flex\">\n<div class=\"wp-block-column is-layout-flow wp-block-column-is-layout-flow\">\n<figure class=\"wp-block-image size-large\"><img loading=\"lazy\" decoding=\"async\" width=\"550\" height=\"1024\" src=\"https:\/\/fusinglass.com\/wp-content\/uploads\/2022\/04\/20220304_232414-550x1024.jpg\" alt=\"\" class=\"wp-image-401\" srcset=\"https:\/\/fusinglass.com\/wp-content\/uploads\/2022\/04\/20220304_232414-550x1024.jpg 550w, https:\/\/fusinglass.com\/wp-content\/uploads\/2022\/04\/20220304_232414-161x300.jpg 161w, https:\/\/fusinglass.com\/wp-content\/uploads\/2022\/04\/20220304_232414-768x1431.jpg 768w, https:\/\/fusinglass.com\/wp-content\/uploads\/2022\/04\/20220304_232414-824x1536.jpg 824w, https:\/\/fusinglass.com\/wp-content\/uploads\/2022\/04\/20220304_232414.jpg 980w\" sizes=\"auto, (max-width: 550px) 100vw, 550px\" \/><\/figure>\n<\/div>\n\n\n\n<div class=\"wp-block-column is-layout-flow wp-block-column-is-layout-flow\">\n<p><strong>El vidrio curvado<\/strong>&nbsp;cada vez se utiliza m\u00e1s en el sector de la construcci\u00f3n gracias a su resistencia y a la apariencia est\u00e9tica que ofrecen. El vidrio curvado se obtiene a partir del calentamiento lento de una luna de vidrio plano que, al alcanzar su punto de plasticidad, cae por gravedad sobre un molde hecho a medida.<\/p>\n\n\n\n<figure class=\"wp-block-image size-large\"><img loading=\"lazy\" decoding=\"async\" width=\"1024\" height=\"768\" src=\"https:\/\/fusinglass.com\/wp-content\/uploads\/2022\/04\/IMG-20150127-WA0018-1024x768.jpg\" alt=\"\" class=\"wp-image-402\" srcset=\"https:\/\/fusinglass.com\/wp-content\/uploads\/2022\/04\/IMG-20150127-WA0018-1024x768.jpg 1024w, https:\/\/fusinglass.com\/wp-content\/uploads\/2022\/04\/IMG-20150127-WA0018-300x225.jpg 300w, https:\/\/fusinglass.com\/wp-content\/uploads\/2022\/04\/IMG-20150127-WA0018-768x576.jpg 768w, https:\/\/fusinglass.com\/wp-content\/uploads\/2022\/04\/IMG-20150127-WA0018.jpg 1280w\" sizes=\"auto, (max-width: 1024px) 100vw, 1024px\" \/><\/figure>\n\n\n\n<figure class=\"wp-block-image size-large\"><img loading=\"lazy\" decoding=\"async\" width=\"1024\" height=\"768\" src=\"https:\/\/fusinglass.com\/wp-content\/uploads\/2022\/04\/IMG-20150127-WA0020-1024x768.jpg\" alt=\"\" class=\"wp-image-403\" srcset=\"https:\/\/fusinglass.com\/wp-content\/uploads\/2022\/04\/IMG-20150127-WA0020-1024x768.jpg 1024w, https:\/\/fusinglass.com\/wp-content\/uploads\/2022\/04\/IMG-20150127-WA0020-300x225.jpg 300w, https:\/\/fusinglass.com\/wp-content\/uploads\/2022\/04\/IMG-20150127-WA0020-768x576.jpg 768w, https:\/\/fusinglass.com\/wp-content\/uploads\/2022\/04\/IMG-20150127-WA0020.jpg 1280w\" sizes=\"auto, (max-width: 1024px) 100vw, 1024px\" \/><\/figure>\n<\/div>\n<\/div>\n\n\n\n<h2 class=\"has-text-align-center has-ast-global-color-0-color has-ast-global-color-7-background-color has-text-color has-background wp-block-heading\">Vidrio Curvado y Laminado<\/h2>\n\n\n\n\n\n\n\n\n<div class=\"wp-block-columns is-layout-flex wp-container-core-columns-is-layout-9d6595d7 wp-block-columns-is-layout-flex\">\n<div class=\"wp-block-column is-layout-flow wp-block-column-is-layout-flow\">\n<figure class=\"wp-block-image size-large\"><img loading=\"lazy\" decoding=\"async\" width=\"576\" height=\"1024\" src=\"https:\/\/fusinglass.com\/wp-content\/uploads\/2022\/04\/SIN-CARA-3-576x1024.jpg\" alt=\"\" class=\"wp-image-420\" srcset=\"https:\/\/fusinglass.com\/wp-content\/uploads\/2022\/04\/SIN-CARA-3-576x1024.jpg 576w, https:\/\/fusinglass.com\/wp-content\/uploads\/2022\/04\/SIN-CARA-3-169x300.jpg 169w, https:\/\/fusinglass.com\/wp-content\/uploads\/2022\/04\/SIN-CARA-3-768x1365.jpg 768w, https:\/\/fusinglass.com\/wp-content\/uploads\/2022\/04\/SIN-CARA-3-864x1536.jpg 864w, https:\/\/fusinglass.com\/wp-content\/uploads\/2022\/04\/SIN-CARA-3-1152x2048.jpg 1152w, https:\/\/fusinglass.com\/wp-content\/uploads\/2022\/04\/SIN-CARA-3-scaled.jpg 1440w\" sizes=\"auto, (max-width: 576px) 100vw, 576px\" \/><\/figure>\n<\/div>\n\n\n\n<div class=\"wp-block-column is-layout-flow wp-block-column-is-layout-flow\">\n<figure class=\"wp-block-image size-large\"><img loading=\"lazy\" decoding=\"async\" width=\"576\" height=\"1024\" src=\"https:\/\/fusinglass.com\/wp-content\/uploads\/2022\/04\/20171006_113425-576x1024.jpg\" alt=\"\" class=\"wp-image-405\" srcset=\"https:\/\/fusinglass.com\/wp-content\/uploads\/2022\/04\/20171006_113425-576x1024.jpg 576w, https:\/\/fusinglass.com\/wp-content\/uploads\/2022\/04\/20171006_113425-169x300.jpg 169w, https:\/\/fusinglass.com\/wp-content\/uploads\/2022\/04\/20171006_113425-768x1365.jpg 768w, https:\/\/fusinglass.com\/wp-content\/uploads\/2022\/04\/20171006_113425-864x1536.jpg 864w, https:\/\/fusinglass.com\/wp-content\/uploads\/2022\/04\/20171006_113425-1152x2048.jpg 1152w, https:\/\/fusinglass.com\/wp-content\/uploads\/2022\/04\/20171006_113425-scaled.jpg 1440w\" sizes=\"auto, (max-width: 576px) 100vw, 576px\" \/><\/figure>\n<\/div>\n<\/div>\n\n\n\n<div class=\"wp-block-columns is-layout-flex wp-container-core-columns-is-layout-9d6595d7 wp-block-columns-is-layout-flex\">\n<div class=\"wp-block-column is-layout-flow wp-block-column-is-layout-flow\">\n<figure class=\"wp-block-image size-large\"><img loading=\"lazy\" decoding=\"async\" width=\"1024\" height=\"576\" src=\"https:\/\/fusinglass.com\/wp-content\/uploads\/2022\/04\/20171006_113621-1024x576.jpg\" alt=\"\" class=\"wp-image-406\" srcset=\"https:\/\/fusinglass.com\/wp-content\/uploads\/2022\/04\/20171006_113621-1024x576.jpg 1024w, https:\/\/fusinglass.com\/wp-content\/uploads\/2022\/04\/20171006_113621-300x169.jpg 300w, https:\/\/fusinglass.com\/wp-content\/uploads\/2022\/04\/20171006_113621-768x432.jpg 768w, https:\/\/fusinglass.com\/wp-content\/uploads\/2022\/04\/20171006_113621-1536x864.jpg 1536w, https:\/\/fusinglass.com\/wp-content\/uploads\/2022\/04\/20171006_113621-2048x1152.jpg 2048w\" sizes=\"auto, (max-width: 1024px) 100vw, 1024px\" \/><\/figure>\n<\/div>\n\n\n\n<div class=\"wp-block-column is-layout-flow wp-block-column-is-layout-flow\">\n<figure class=\"wp-block-image size-large\"><img loading=\"lazy\" decoding=\"async\" width=\"1024\" height=\"576\" src=\"https:\/\/fusinglass.com\/wp-content\/uploads\/2022\/04\/20171006_113635-1024x576.jpg\" alt=\"\" class=\"wp-image-407\" srcset=\"https:\/\/fusinglass.com\/wp-content\/uploads\/2022\/04\/20171006_113635-1024x576.jpg 1024w, https:\/\/fusinglass.com\/wp-content\/uploads\/2022\/04\/20171006_113635-300x169.jpg 300w, https:\/\/fusinglass.com\/wp-content\/uploads\/2022\/04\/20171006_113635-768x432.jpg 768w, https:\/\/fusinglass.com\/wp-content\/uploads\/2022\/04\/20171006_113635-1536x864.jpg 1536w, https:\/\/fusinglass.com\/wp-content\/uploads\/2022\/04\/20171006_113635-2048x1152.jpg 2048w\" sizes=\"auto, (max-width: 1024px) 100vw, 1024px\" \/><\/figure>\n<\/div>\n<\/div>\n\n\n\n<div class=\"wp-block-columns is-layout-flex wp-container-core-columns-is-layout-9d6595d7 wp-block-columns-is-layout-flex\">\n<div class=\"wp-block-column is-layout-flow wp-block-column-is-layout-flow\">\n<figure class=\"wp-block-image size-large\"><img loading=\"lazy\" decoding=\"async\" width=\"576\" height=\"1024\" src=\"https:\/\/fusinglass.com\/wp-content\/uploads\/2022\/04\/SIN-CARA2-576x1024.jpg\" alt=\"\" class=\"wp-image-417\" srcset=\"https:\/\/fusinglass.com\/wp-content\/uploads\/2022\/04\/SIN-CARA2-576x1024.jpg 576w, https:\/\/fusinglass.com\/wp-content\/uploads\/2022\/04\/SIN-CARA2-169x300.jpg 169w, https:\/\/fusinglass.com\/wp-content\/uploads\/2022\/04\/SIN-CARA2-768x1365.jpg 768w, https:\/\/fusinglass.com\/wp-content\/uploads\/2022\/04\/SIN-CARA2-864x1536.jpg 864w, https:\/\/fusinglass.com\/wp-content\/uploads\/2022\/04\/SIN-CARA2-1152x2048.jpg 1152w, https:\/\/fusinglass.com\/wp-content\/uploads\/2022\/04\/SIN-CARA2-scaled.jpg 1440w\" sizes=\"auto, (max-width: 576px) 100vw, 576px\" \/><\/figure>\n<\/div>\n\n\n\n<div class=\"wp-block-column is-layout-flow wp-block-column-is-layout-flow\">\n<figure class=\"wp-block-image size-large\"><img loading=\"lazy\" decoding=\"async\" width=\"576\" height=\"1024\" src=\"https:\/\/fusinglass.com\/wp-content\/uploads\/2022\/04\/20171006_113700-576x1024.jpg\" alt=\"\" class=\"wp-image-409\" srcset=\"https:\/\/fusinglass.com\/wp-content\/uploads\/2022\/04\/20171006_113700-576x1024.jpg 576w, https:\/\/fusinglass.com\/wp-content\/uploads\/2022\/04\/20171006_113700-169x300.jpg 169w, https:\/\/fusinglass.com\/wp-content\/uploads\/2022\/04\/20171006_113700-768x1365.jpg 768w, https:\/\/fusinglass.com\/wp-content\/uploads\/2022\/04\/20171006_113700-864x1536.jpg 864w, https:\/\/fusinglass.com\/wp-content\/uploads\/2022\/04\/20171006_113700-1152x2048.jpg 1152w, https:\/\/fusinglass.com\/wp-content\/uploads\/2022\/04\/20171006_113700-scaled.jpg 1440w\" sizes=\"auto, (max-width: 576px) 100vw, 576px\" \/><\/figure>\n<\/div>\n<\/div>\n\n\n\n<div class=\"wp-block-columns is-layout-flex wp-container-core-columns-is-layout-9d6595d7 wp-block-columns-is-layout-flex\">\n<div class=\"wp-block-column is-layout-flow wp-block-column-is-layout-flow\">\n<figure class=\"wp-block-image size-large\"><img loading=\"lazy\" decoding=\"async\" width=\"1024\" height=\"576\" src=\"https:\/\/fusinglass.com\/wp-content\/uploads\/2022\/04\/20171006_113420-1024x576.jpg\" alt=\"\" class=\"wp-image-411\" srcset=\"https:\/\/fusinglass.com\/wp-content\/uploads\/2022\/04\/20171006_113420-1024x576.jpg 1024w, https:\/\/fusinglass.com\/wp-content\/uploads\/2022\/04\/20171006_113420-300x169.jpg 300w, https:\/\/fusinglass.com\/wp-content\/uploads\/2022\/04\/20171006_113420-768x432.jpg 768w, https:\/\/fusinglass.com\/wp-content\/uploads\/2022\/04\/20171006_113420-1536x864.jpg 1536w, https:\/\/fusinglass.com\/wp-content\/uploads\/2022\/04\/20171006_113420-2048x1152.jpg 2048w\" sizes=\"auto, (max-width: 1024px) 100vw, 1024px\" \/><\/figure>\n<\/div>\n\n\n\n<div class=\"wp-block-column is-layout-flow wp-block-column-is-layout-flow\">\n<figure class=\"wp-block-image size-large\"><img loading=\"lazy\" decoding=\"async\" width=\"1024\" height=\"576\" src=\"https:\/\/fusinglass.com\/wp-content\/uploads\/2022\/04\/20171006_113711-1-1024x576.jpg\" alt=\"\" class=\"wp-image-412\" srcset=\"https:\/\/fusinglass.com\/wp-content\/uploads\/2022\/04\/20171006_113711-1-1024x576.jpg 1024w, https:\/\/fusinglass.com\/wp-content\/uploads\/2022\/04\/20171006_113711-1-300x169.jpg 300w, https:\/\/fusinglass.com\/wp-content\/uploads\/2022\/04\/20171006_113711-1-768x432.jpg 768w, https:\/\/fusinglass.com\/wp-content\/uploads\/2022\/04\/20171006_113711-1-1536x864.jpg 1536w, https:\/\/fusinglass.com\/wp-content\/uploads\/2022\/04\/20171006_113711-1-2048x1152.jpg 2048w\" sizes=\"auto, (max-width: 1024px) 100vw, 1024px\" \/><\/figure>\n<\/div>\n<\/div>\n","protected":false},"excerpt":{"rendered":"<p>Vidrio Curvo Somos fabricantes de&nbsp;vidrio curvado, poseemos las herramientas necesarias para dicha fabricaci\u00f3n, desde que entra la plancha de vidrio hasta que se hace entrega del trabajo al cliente. Un material vers\u00e1til para arquitectos y proyectistas. Versatilidad para ser utilizado tanto en exteriores como en el interior. El vidrio curvado&nbsp;cada vez se utiliza m\u00e1s en &hellip;<\/p>\n<p class=\"read-more\"> <a class=\"\" href=\"https:\/\/fusinglass.com\/index.php\/curvado\/\"> <span class=\"screen-reader-text\">Curvado<\/span> Leer m\u00e1s &raquo;<\/a><\/p>\n","protected":false},"author":1,"featured_media":0,"parent":0,"menu_order":0,"comment_status":"closed","ping_status":"closed","template":"","meta":{"site-sidebar-layout":"default","site-content-layout":"default","ast-main-header-display":"","ast-hfb-above-header-display":"","ast-hfb-below-header-display":"","ast-hfb-mobile-header-display":"","site-post-title":"disabled","ast-breadcrumbs-content":"","ast-featured-img":"","footer-sml-layout":"","theme-transparent-header-meta":"","adv-header-id-meta":"","stick-header-meta":"","header-above-stick-meta":"","header-main-stick-meta":"","header-below-stick-meta":"","footnotes":""},"class_list":["post-398","page","type-page","status-publish","hentry"],"uagb_featured_image_src":{"full":false,"thumbnail":false,"medium":false,"medium_large":false,"large":false,"1536x1536":false,"2048x2048":false},"uagb_author_info":{"display_name":"admin","author_link":"https:\/\/fusinglass.com\/index.php\/author\/admin_vc9cilt3\/"},"uagb_comment_info":0,"uagb_excerpt":"Vidrio Curvo Somos fabricantes de&nbsp;vidrio curvado, poseemos las herramientas necesarias para dicha fabricaci\u00f3n, desde que entra la plancha de vidrio hasta que se hace entrega del trabajo al cliente. Un material vers\u00e1til para arquitectos y proyectistas. Versatilidad para ser utilizado tanto en exteriores como en el interior. El vidrio curvado&nbsp;cada vez se utiliza m\u00e1s en&hellip;","_links":{"self":[{"href":"https:\/\/fusinglass.com\/index.php\/wp-json\/wp\/v2\/pages\/398","targetHints":{"allow":["GET"]}}],"collection":[{"href":"https:\/\/fusinglass.com\/index.php\/wp-json\/wp\/v2\/pages"}],"about":[{"href":"https:\/\/fusinglass.com\/index.php\/wp-json\/wp\/v2\/types\/page"}],"author":[{"embeddable":true,"href":"https:\/\/fusinglass.com\/index.php\/wp-json\/wp\/v2\/users\/1"}],"replies":[{"embeddable":true,"href":"https:\/\/fusinglass.com\/index.php\/wp-json\/wp\/v2\/comments?post=398"}],"version-history":[{"count":10,"href":"https:\/\/fusinglass.com\/index.php\/wp-json\/wp\/v2\/pages\/398\/revisions"}],"predecessor-version":[{"id":689,"href":"https:\/\/fusinglass.com\/index.php\/wp-json\/wp\/v2\/pages\/398\/revisions\/689"}],"wp:attachment":[{"href":"https:\/\/fusinglass.com\/index.php\/wp-json\/wp\/v2\/media?parent=398"}],"curies":[{"name":"wp","href":"https:\/\/api.w.org\/{rel}","templated":true}]}}