{"id":425,"date":"2022-04-04T15:32:21","date_gmt":"2022-04-04T15:32:21","guid":{"rendered":"https:\/\/fusinglass.com\/?page_id=425"},"modified":"2022-04-07T19:31:59","modified_gmt":"2022-04-07T19:31:59","slug":"fusing","status":"publish","type":"page","link":"https:\/\/fusinglass.com\/index.php\/fusing\/","title":{"rendered":"Fusing"},"content":{"rendered":"\n<h1 class=\"has-text-align-center has-ast-global-color-0-color has-ast-global-color-7-background-color has-text-color has-background has-large-font-size wp-block-heading\">T\u00e9cnica del Fusing<\/h1>\n\n\n\n<figure class=\"wp-block-gallery has-nested-images columns-default is-cropped wp-block-gallery-1 is-layout-flex wp-block-gallery-is-layout-flex\">\n<figure class=\"wp-block-image size-large\"><img loading=\"lazy\" decoding=\"async\" width=\"2560\" height=\"933\" data-id=\"322\" src=\"https:\/\/fusinglass.com\/wp-content\/uploads\/2022\/04\/FUSING-125-scaled.jpg\" alt=\"\" class=\"wp-image-322\" srcset=\"https:\/\/fusinglass.com\/wp-content\/uploads\/2022\/04\/FUSING-125-scaled.jpg 2560w, https:\/\/fusinglass.com\/wp-content\/uploads\/2022\/04\/FUSING-125-300x109.jpg 300w, https:\/\/fusinglass.com\/wp-content\/uploads\/2022\/04\/FUSING-125-1024x373.jpg 1024w, https:\/\/fusinglass.com\/wp-content\/uploads\/2022\/04\/FUSING-125-768x280.jpg 768w, https:\/\/fusinglass.com\/wp-content\/uploads\/2022\/04\/FUSING-125-1536x560.jpg 1536w, https:\/\/fusinglass.com\/wp-content\/uploads\/2022\/04\/FUSING-125-2048x746.jpg 2048w\" sizes=\"auto, (max-width: 2560px) 100vw, 2560px\" \/><\/figure>\n<\/figure>\n\n\n\n<p>El&nbsp;<strong>Fusing&nbsp;<\/strong>es la t\u00e9cnica en la que se manipula el vidrio mediante calor, para ello es necesario un horno de alta temperatura.<br>Es una t\u00e9cnica muy com\u00fan en la realizaci\u00f3n de objetos decorativos a base de vidrio.<\/p>\n\n\n\n<h2 class=\"has-text-align-center wp-block-heading\">La t\u00e9cnica del Fusing<\/h2>\n\n\n\n<p>Su proceso de fabricaci\u00f3n se basa principalmente en la superposici\u00f3n de<strong>&nbsp;vidrios de color<\/strong>&nbsp;cortados con la forma deseada sobre un vidrio base. A continuaci\u00f3n se le aplica calor directo introduciendo las piezas en el horno. La temperatura a la que se somete al vidrio es aproximadamente de unos 835\u00baC.<\/p>\n\n\n\n<p>Los vidrios que se utilizan para el&nbsp;<strong>Fusing<\/strong>&nbsp;pueden ser de&nbsp;<strong>color o esmaltados<\/strong>&nbsp;en superficie.<\/p>\n\n\n\n<p>El resultado es la&nbsp;<strong>fusi\u00f3n de los vidrios<\/strong>&nbsp;en una sola pieza, para conseguir un buen resultado es necesario que la pieza este liberada de tensiones.&nbsp;Las tensiones en la fusi\u00f3n del vidrio viene dada por dos causas principales: incompatibilidad de los vidrios, es decir que los vidrios que se introduzcan en una misma cocci\u00f3n no son del mismo coeficiente de dilataci\u00f3n y, &nbsp;por un mal enfriamiento de la pieza antes de sacarlo del horno.<\/p>\n\n\n\n<p>Mediante esta t\u00e9cnica&nbsp;se obtienen piezas \u00fanicas con distintas<strong>&nbsp;texturas, colores, relieves y formas<\/strong>. Gracias a la destreza del artesano, se pueden conseguir piezas completamente \u00fanicas, para todos los gustos y necesidades.<\/p>\n\n\n\n<div class=\"wp-block-columns is-layout-flex wp-container-core-columns-is-layout-9d6595d7 wp-block-columns-is-layout-flex\">\n<div class=\"wp-block-column is-layout-flow wp-block-column-is-layout-flow\">\n<figure class=\"wp-block-image size-full\"><img loading=\"lazy\" decoding=\"async\" width=\"239\" height=\"259\" src=\"https:\/\/fusinglass.com\/wp-content\/uploads\/2022\/04\/image295.png\" alt=\"\" class=\"wp-image-426\"\/><\/figure>\n<\/div>\n\n\n\n<div class=\"wp-block-column is-layout-flow wp-block-column-is-layout-flow\">\n<figure class=\"wp-block-image size-full\"><img loading=\"lazy\" decoding=\"async\" width=\"215\" height=\"253\" src=\"https:\/\/fusinglass.com\/wp-content\/uploads\/2022\/04\/image297.png\" alt=\"\" class=\"wp-image-427\"\/><\/figure>\n<\/div>\n\n\n\n<div class=\"wp-block-column is-layout-flow wp-block-column-is-layout-flow\">\n<figure class=\"wp-block-image size-full is-resized\"><img loading=\"lazy\" decoding=\"async\" src=\"https:\/\/fusinglass.com\/wp-content\/uploads\/2022\/04\/image367.png\" alt=\"\" class=\"wp-image-428\" width=\"264\" height=\"232\"\/><\/figure>\n<\/div>\n<\/div>\n\n\n\n<div class=\"wp-block-columns is-layout-flex wp-container-core-columns-is-layout-9d6595d7 wp-block-columns-is-layout-flex\">\n<div class=\"wp-block-column is-layout-flow wp-block-column-is-layout-flow\">\n<figure class=\"wp-block-image size-large\"><img loading=\"lazy\" decoding=\"async\" width=\"576\" height=\"1024\" src=\"https:\/\/fusinglass.com\/wp-content\/uploads\/2022\/04\/20220309_131828-576x1024.jpg\" alt=\"\" class=\"wp-image-429\" srcset=\"https:\/\/fusinglass.com\/wp-content\/uploads\/2022\/04\/20220309_131828-576x1024.jpg 576w, https:\/\/fusinglass.com\/wp-content\/uploads\/2022\/04\/20220309_131828-169x300.jpg 169w, https:\/\/fusinglass.com\/wp-content\/uploads\/2022\/04\/20220309_131828-768x1365.jpg 768w, https:\/\/fusinglass.com\/wp-content\/uploads\/2022\/04\/20220309_131828-864x1536.jpg 864w, https:\/\/fusinglass.com\/wp-content\/uploads\/2022\/04\/20220309_131828-1152x2048.jpg 1152w, https:\/\/fusinglass.com\/wp-content\/uploads\/2022\/04\/20220309_131828-scaled.jpg 1440w\" sizes=\"auto, (max-width: 576px) 100vw, 576px\" \/><\/figure>\n<\/div>\n\n\n\n<div class=\"wp-block-column is-layout-flow wp-block-column-is-layout-flow\">\n<figure class=\"wp-block-image size-large\"><img loading=\"lazy\" decoding=\"async\" width=\"576\" height=\"1024\" src=\"https:\/\/fusinglass.com\/wp-content\/uploads\/2022\/04\/20220309_131902-576x1024.jpg\" alt=\"\" class=\"wp-image-430\" srcset=\"https:\/\/fusinglass.com\/wp-content\/uploads\/2022\/04\/20220309_131902-576x1024.jpg 576w, https:\/\/fusinglass.com\/wp-content\/uploads\/2022\/04\/20220309_131902-169x300.jpg 169w, https:\/\/fusinglass.com\/wp-content\/uploads\/2022\/04\/20220309_131902-768x1365.jpg 768w, https:\/\/fusinglass.com\/wp-content\/uploads\/2022\/04\/20220309_131902-864x1536.jpg 864w, https:\/\/fusinglass.com\/wp-content\/uploads\/2022\/04\/20220309_131902-1152x2048.jpg 1152w, https:\/\/fusinglass.com\/wp-content\/uploads\/2022\/04\/20220309_131902-scaled.jpg 1440w\" sizes=\"auto, (max-width: 576px) 100vw, 576px\" \/><\/figure>\n<\/div>\n\n\n\n<div class=\"wp-block-column is-layout-flow wp-block-column-is-layout-flow\">\n<figure class=\"wp-block-image size-large\"><img loading=\"lazy\" decoding=\"async\" width=\"576\" height=\"1024\" src=\"https:\/\/fusinglass.com\/wp-content\/uploads\/2022\/04\/20220309_132018-576x1024.jpg\" alt=\"\" class=\"wp-image-431\" srcset=\"https:\/\/fusinglass.com\/wp-content\/uploads\/2022\/04\/20220309_132018-576x1024.jpg 576w, https:\/\/fusinglass.com\/wp-content\/uploads\/2022\/04\/20220309_132018-169x300.jpg 169w, https:\/\/fusinglass.com\/wp-content\/uploads\/2022\/04\/20220309_132018-768x1365.jpg 768w, https:\/\/fusinglass.com\/wp-content\/uploads\/2022\/04\/20220309_132018-864x1536.jpg 864w, https:\/\/fusinglass.com\/wp-content\/uploads\/2022\/04\/20220309_132018-1152x2048.jpg 1152w, https:\/\/fusinglass.com\/wp-content\/uploads\/2022\/04\/20220309_132018-scaled.jpg 1440w\" sizes=\"auto, (max-width: 576px) 100vw, 576px\" \/><\/figure>\n<\/div>\n<\/div>\n\n\n\n<div class=\"wp-block-columns is-layout-flex wp-container-core-columns-is-layout-9d6595d7 wp-block-columns-is-layout-flex\">\n<div class=\"wp-block-column is-layout-flow wp-block-column-is-layout-flow\">\n<figure class=\"wp-block-image size-large\"><img loading=\"lazy\" decoding=\"async\" width=\"670\" height=\"1024\" src=\"https:\/\/fusinglass.com\/wp-content\/uploads\/2022\/04\/20220309_132045-2-670x1024.jpg\" alt=\"\" class=\"wp-image-432\" srcset=\"https:\/\/fusinglass.com\/wp-content\/uploads\/2022\/04\/20220309_132045-2-670x1024.jpg 670w, https:\/\/fusinglass.com\/wp-content\/uploads\/2022\/04\/20220309_132045-2-196x300.jpg 196w, https:\/\/fusinglass.com\/wp-content\/uploads\/2022\/04\/20220309_132045-2-768x1174.jpg 768w, https:\/\/fusinglass.com\/wp-content\/uploads\/2022\/04\/20220309_132045-2-1005x1536.jpg 1005w, https:\/\/fusinglass.com\/wp-content\/uploads\/2022\/04\/20220309_132045-2-1340x2048.jpg 1340w, https:\/\/fusinglass.com\/wp-content\/uploads\/2022\/04\/20220309_132045-2-scaled.jpg 1675w\" sizes=\"auto, (max-width: 670px) 100vw, 670px\" \/><\/figure>\n<\/div>\n\n\n\n<div class=\"wp-block-column is-layout-flow wp-block-column-is-layout-flow\">\n<figure class=\"wp-block-image size-large\"><img loading=\"lazy\" decoding=\"async\" width=\"671\" height=\"1024\" src=\"https:\/\/fusinglass.com\/wp-content\/uploads\/2022\/04\/14-2-671x1024.jpg\" alt=\"\" class=\"wp-image-325\" srcset=\"https:\/\/fusinglass.com\/wp-content\/uploads\/2022\/04\/14-2-671x1024.jpg 671w, https:\/\/fusinglass.com\/wp-content\/uploads\/2022\/04\/14-2-197x300.jpg 197w, https:\/\/fusinglass.com\/wp-content\/uploads\/2022\/04\/14-2-768x1171.jpg 768w, https:\/\/fusinglass.com\/wp-content\/uploads\/2022\/04\/14-2.jpg 981w\" sizes=\"auto, (max-width: 671px) 100vw, 671px\" \/><\/figure>\n<\/div>\n<\/div>\n\n\n\n<div class=\"wp-block-columns is-layout-flex wp-container-core-columns-is-layout-9d6595d7 wp-block-columns-is-layout-flex\">\n<div class=\"wp-block-column is-layout-flow wp-block-column-is-layout-flow\">\n<figure class=\"wp-block-image size-full\"><img loading=\"lazy\" decoding=\"async\" width=\"233\" height=\"415\" src=\"https:\/\/fusinglass.com\/wp-content\/uploads\/2022\/04\/image290.jpg\" alt=\"\" class=\"wp-image-433\" srcset=\"https:\/\/fusinglass.com\/wp-content\/uploads\/2022\/04\/image290.jpg 233w, https:\/\/fusinglass.com\/wp-content\/uploads\/2022\/04\/image290-168x300.jpg 168w\" sizes=\"auto, (max-width: 233px) 100vw, 233px\" \/><\/figure>\n<\/div>\n\n\n\n<div class=\"wp-block-column is-layout-flow wp-block-column-is-layout-flow\">\n<figure class=\"wp-block-image size-full\"><img loading=\"lazy\" decoding=\"async\" width=\"563\" height=\"1000\" src=\"https:\/\/fusinglass.com\/wp-content\/uploads\/2022\/04\/IMG-20150313-WA0000.jpg\" alt=\"\" class=\"wp-image-459\" srcset=\"https:\/\/fusinglass.com\/wp-content\/uploads\/2022\/04\/IMG-20150313-WA0000.jpg 563w, https:\/\/fusinglass.com\/wp-content\/uploads\/2022\/04\/IMG-20150313-WA0000-169x300.jpg 169w\" sizes=\"auto, (max-width: 563px) 100vw, 563px\" \/><\/figure>\n<\/div>\n\n\n\n<div class=\"wp-block-column is-layout-flow wp-block-column-is-layout-flow\">\n<figure class=\"wp-block-image size-full\"><img loading=\"lazy\" decoding=\"async\" width=\"255\" height=\"415\" src=\"https:\/\/fusinglass.com\/wp-content\/uploads\/2022\/04\/image298.jpg\" alt=\"\" class=\"wp-image-434\" srcset=\"https:\/\/fusinglass.com\/wp-content\/uploads\/2022\/04\/image298.jpg 255w, https:\/\/fusinglass.com\/wp-content\/uploads\/2022\/04\/image298-184x300.jpg 184w\" sizes=\"auto, (max-width: 255px) 100vw, 255px\" \/><\/figure>\n<\/div>\n<\/div>\n","protected":false},"excerpt":{"rendered":"<p>T\u00e9cnica del Fusing El&nbsp;Fusing&nbsp;es la t\u00e9cnica en la que se manipula el vidrio mediante calor, para ello es necesario un horno de alta temperatura.Es una t\u00e9cnica muy com\u00fan en la realizaci\u00f3n de objetos decorativos a base de vidrio. La t\u00e9cnica del Fusing Su proceso de fabricaci\u00f3n se basa principalmente en la superposici\u00f3n de&nbsp;vidrios de color&nbsp;cortados &hellip;<\/p>\n<p class=\"read-more\"> <a class=\"\" href=\"https:\/\/fusinglass.com\/index.php\/fusing\/\"> <span class=\"screen-reader-text\">Fusing<\/span> Leer m\u00e1s &raquo;<\/a><\/p>\n","protected":false},"author":1,"featured_media":0,"parent":0,"menu_order":0,"comment_status":"closed","ping_status":"closed","template":"","meta":{"site-sidebar-layout":"default","site-content-layout":"default","ast-main-header-display":"","ast-hfb-above-header-display":"","ast-hfb-below-header-display":"","ast-hfb-mobile-header-display":"","site-post-title":"disabled","ast-breadcrumbs-content":"","ast-featured-img":"","footer-sml-layout":"","theme-transparent-header-meta":"","adv-header-id-meta":"","stick-header-meta":"","header-above-stick-meta":"","header-main-stick-meta":"","header-below-stick-meta":"","footnotes":""},"class_list":["post-425","page","type-page","status-publish","hentry"],"uagb_featured_image_src":{"full":false,"thumbnail":false,"medium":false,"medium_large":false,"large":false,"1536x1536":false,"2048x2048":false},"uagb_author_info":{"display_name":"admin","author_link":"https:\/\/fusinglass.com\/index.php\/author\/admin_vc9cilt3\/"},"uagb_comment_info":0,"uagb_excerpt":"T\u00e9cnica del Fusing El&nbsp;Fusing&nbsp;es la t\u00e9cnica en la que se manipula el vidrio mediante calor, para ello es necesario un horno de alta temperatura.Es una t\u00e9cnica muy com\u00fan en la realizaci\u00f3n de objetos decorativos a base de vidrio. La t\u00e9cnica del Fusing Su proceso de fabricaci\u00f3n se basa principalmente en la superposici\u00f3n de&nbsp;vidrios de color&nbsp;cortados&hellip;","_links":{"self":[{"href":"https:\/\/fusinglass.com\/index.php\/wp-json\/wp\/v2\/pages\/425","targetHints":{"allow":["GET"]}}],"collection":[{"href":"https:\/\/fusinglass.com\/index.php\/wp-json\/wp\/v2\/pages"}],"about":[{"href":"https:\/\/fusinglass.com\/index.php\/wp-json\/wp\/v2\/types\/page"}],"author":[{"embeddable":true,"href":"https:\/\/fusinglass.com\/index.php\/wp-json\/wp\/v2\/users\/1"}],"replies":[{"embeddable":true,"href":"https:\/\/fusinglass.com\/index.php\/wp-json\/wp\/v2\/comments?post=425"}],"version-history":[{"count":5,"href":"https:\/\/fusinglass.com\/index.php\/wp-json\/wp\/v2\/pages\/425\/revisions"}],"predecessor-version":[{"id":660,"href":"https:\/\/fusinglass.com\/index.php\/wp-json\/wp\/v2\/pages\/425\/revisions\/660"}],"wp:attachment":[{"href":"https:\/\/fusinglass.com\/index.php\/wp-json\/wp\/v2\/media?parent=425"}],"curies":[{"name":"wp","href":"https:\/\/api.w.org\/{rel}","templated":true}]}}