{"id":463,"date":"2022-04-04T16:01:22","date_gmt":"2022-04-04T16:01:22","guid":{"rendered":"https:\/\/fusinglass.com\/?page_id=463"},"modified":"2022-04-08T17:08:04","modified_gmt":"2022-04-08T17:08:04","slug":"encimeras-de-vidrio","status":"publish","type":"page","link":"https:\/\/fusinglass.com\/index.php\/encimeras-de-vidrio\/","title":{"rendered":"Encimeras de vidrio"},"content":{"rendered":"\n<h2 class=\"wp-block-heading\">Encimera de Vidrio<\/h2>\n\n\n\n<div class=\"wp-block-columns is-layout-flex wp-container-core-columns-is-layout-9d6595d7 wp-block-columns-is-layout-flex\">\n<div class=\"wp-block-column is-layout-flow wp-block-column-is-layout-flow\">\n<p>Las&nbsp;<strong>encimeras de vidrio<\/strong>&nbsp;<strong>para sanitarios<\/strong>&nbsp;convierten a estos espacios en lugares m\u00e1s&nbsp;<strong>higi\u00e9nicos y modernos<\/strong>. Contamos con amplia gama de modelos y colores para poder complacer cualquier proyecto, adapt\u00e1ndonos a las peticiones de nuestros clientes, en el dise\u00f1o, el color o textura de la unidad.<\/p>\n\n\n\n<figure class=\"wp-block-image size-large\"><img loading=\"lazy\" decoding=\"async\" width=\"1024\" height=\"576\" src=\"https:\/\/fusinglass.com\/wp-content\/uploads\/2022\/04\/IMG_20220307_223116-1024x576.jpg\" alt=\"\" class=\"wp-image-465\" srcset=\"https:\/\/fusinglass.com\/wp-content\/uploads\/2022\/04\/IMG_20220307_223116-1024x576.jpg 1024w, https:\/\/fusinglass.com\/wp-content\/uploads\/2022\/04\/IMG_20220307_223116-300x169.jpg 300w, https:\/\/fusinglass.com\/wp-content\/uploads\/2022\/04\/IMG_20220307_223116-768x432.jpg 768w, https:\/\/fusinglass.com\/wp-content\/uploads\/2022\/04\/IMG_20220307_223116-1536x864.jpg 1536w, https:\/\/fusinglass.com\/wp-content\/uploads\/2022\/04\/IMG_20220307_223116.jpg 1600w\" sizes=\"auto, (max-width: 1024px) 100vw, 1024px\" \/><\/figure>\n\n\n\n<figure class=\"wp-block-image size-large\"><img loading=\"lazy\" decoding=\"async\" width=\"1024\" height=\"768\" src=\"https:\/\/fusinglass.com\/wp-content\/uploads\/2022\/04\/IMG-20220222-WA0010-1024x768.jpg\" alt=\"\" class=\"wp-image-466\" srcset=\"https:\/\/fusinglass.com\/wp-content\/uploads\/2022\/04\/IMG-20220222-WA0010-1024x768.jpg 1024w, https:\/\/fusinglass.com\/wp-content\/uploads\/2022\/04\/IMG-20220222-WA0010-300x225.jpg 300w, https:\/\/fusinglass.com\/wp-content\/uploads\/2022\/04\/IMG-20220222-WA0010-768x576.jpg 768w, https:\/\/fusinglass.com\/wp-content\/uploads\/2022\/04\/IMG-20220222-WA0010-1536x1152.jpg 1536w, https:\/\/fusinglass.com\/wp-content\/uploads\/2022\/04\/IMG-20220222-WA0010-rotated.jpg 2048w\" sizes=\"auto, (max-width: 1024px) 100vw, 1024px\" \/><\/figure>\n<\/div>\n\n\n\n<div class=\"wp-block-column is-layout-flow wp-block-column-is-layout-flow\">\n<figure class=\"wp-block-image size-full\"><img loading=\"lazy\" decoding=\"async\" width=\"676\" height=\"960\" src=\"https:\/\/fusinglass.com\/wp-content\/uploads\/2022\/04\/943320_470536109693917_1341583061_n-1.jpg\" alt=\"\" class=\"wp-image-464\" srcset=\"https:\/\/fusinglass.com\/wp-content\/uploads\/2022\/04\/943320_470536109693917_1341583061_n-1.jpg 676w, https:\/\/fusinglass.com\/wp-content\/uploads\/2022\/04\/943320_470536109693917_1341583061_n-1-211x300.jpg 211w\" sizes=\"auto, (max-width: 676px) 100vw, 676px\" \/><\/figure>\n\n\n\n<h2 class=\"wp-block-heading\">El vidrio en la salud<\/h2>\n<\/div>\n<\/div>\n\n\n\n<div class=\"wp-block-columns is-layout-flex wp-container-core-columns-is-layout-9d6595d7 wp-block-columns-is-layout-flex\">\n<div class=\"wp-block-column is-layout-flow wp-block-column-is-layout-flow\">\n<figure class=\"wp-block-image size-large\"><img loading=\"lazy\" decoding=\"async\" width=\"1024\" height=\"768\" src=\"https:\/\/fusinglass.com\/wp-content\/uploads\/2022\/04\/armarios-4-1024x768.jpg\" alt=\"\" class=\"wp-image-467\" srcset=\"https:\/\/fusinglass.com\/wp-content\/uploads\/2022\/04\/armarios-4-1024x768.jpg 1024w, https:\/\/fusinglass.com\/wp-content\/uploads\/2022\/04\/armarios-4-300x225.jpg 300w, https:\/\/fusinglass.com\/wp-content\/uploads\/2022\/04\/armarios-4-768x576.jpg 768w, https:\/\/fusinglass.com\/wp-content\/uploads\/2022\/04\/armarios-4-1536x1152.jpg 1536w, https:\/\/fusinglass.com\/wp-content\/uploads\/2022\/04\/armarios-4-2048x1536.jpg 2048w\" sizes=\"auto, (max-width: 1024px) 100vw, 1024px\" \/><\/figure>\n<\/div>\n\n\n\n<div class=\"wp-block-column is-layout-flow wp-block-column-is-layout-flow\">\n<p>La transparencia del vidrio se asocia con conceptos que tienen que ver con la&nbsp;<strong>salud<\/strong>. Es por eso que la mayor\u00eda de las zonas sanitarias eligen para su local una est\u00e9tica basada en el juego de opacidades en el vidrio. Que predomine el vidrio en locales que est\u00e1n relacionados con la salud es realmente efectivo. Transmite al p\u00fablico una sensaci\u00f3n de&nbsp;<strong>higiene<\/strong>,&nbsp;<strong>pureza y claridad<\/strong>&nbsp;que se adaptan bien a lo que quiere transmitir este tipo de negocio.<\/p>\n\n\n\n<p><strong>Las cl\u00ednicas dentales, farmacias, hopitales y \u00f3pticas<\/strong>&nbsp;entre otras, son las que m\u00e1s utilizan este material para sus locales.<\/p>\n\n\n\n<p>Por eso la mayor\u00eda de los&nbsp;<strong>Decoradores y Arquitectos<\/strong>&nbsp;lo solicitan para sus&nbsp;<strong>proyectos de construcci\u00f3n<\/strong>.<\/p>\n<\/div>\n<\/div>\n\n\n\n<div class=\"wp-block-columns is-layout-flex wp-container-core-columns-is-layout-9d6595d7 wp-block-columns-is-layout-flex\">\n<div class=\"wp-block-column is-layout-flow wp-block-column-is-layout-flow\">\n<figure class=\"wp-block-image size-large\"><img loading=\"lazy\" decoding=\"async\" width=\"1024\" height=\"683\" src=\"https:\/\/fusinglass.com\/wp-content\/uploads\/2022\/04\/DSC01927-1024x683.jpg\" alt=\"\" class=\"wp-image-468\" srcset=\"https:\/\/fusinglass.com\/wp-content\/uploads\/2022\/04\/DSC01927-1024x683.jpg 1024w, https:\/\/fusinglass.com\/wp-content\/uploads\/2022\/04\/DSC01927-300x200.jpg 300w, https:\/\/fusinglass.com\/wp-content\/uploads\/2022\/04\/DSC01927-768x512.jpg 768w, https:\/\/fusinglass.com\/wp-content\/uploads\/2022\/04\/DSC01927-1536x1024.jpg 1536w, https:\/\/fusinglass.com\/wp-content\/uploads\/2022\/04\/DSC01927-2048x1365.jpg 2048w\" sizes=\"auto, (max-width: 1024px) 100vw, 1024px\" \/><\/figure>\n<\/div>\n\n\n\n<div class=\"wp-block-column is-layout-flow wp-block-column-is-layout-flow\">\n<figure class=\"wp-block-image size-large\"><img loading=\"lazy\" decoding=\"async\" width=\"1024\" height=\"683\" src=\"https:\/\/fusinglass.com\/wp-content\/uploads\/2022\/04\/DSC01937-1024x683.jpg\" alt=\"\" class=\"wp-image-469\" srcset=\"https:\/\/fusinglass.com\/wp-content\/uploads\/2022\/04\/DSC01937-1024x683.jpg 1024w, https:\/\/fusinglass.com\/wp-content\/uploads\/2022\/04\/DSC01937-300x200.jpg 300w, https:\/\/fusinglass.com\/wp-content\/uploads\/2022\/04\/DSC01937-768x512.jpg 768w, https:\/\/fusinglass.com\/wp-content\/uploads\/2022\/04\/DSC01937-1536x1024.jpg 1536w, https:\/\/fusinglass.com\/wp-content\/uploads\/2022\/04\/DSC01937-2048x1365.jpg 2048w\" sizes=\"auto, (max-width: 1024px) 100vw, 1024px\" \/><\/figure>\n<\/div>\n<\/div>\n\n\n\n<div class=\"wp-block-columns is-layout-flex wp-container-core-columns-is-layout-9d6595d7 wp-block-columns-is-layout-flex\">\n<div class=\"wp-block-column is-layout-flow wp-block-column-is-layout-flow\">\n<figure class=\"wp-block-image size-full\"><img loading=\"lazy\" decoding=\"async\" width=\"1008\" height=\"768\" src=\"https:\/\/fusinglass.com\/wp-content\/uploads\/2022\/04\/Imagen-3.jpg\" alt=\"\" class=\"wp-image-470\" srcset=\"https:\/\/fusinglass.com\/wp-content\/uploads\/2022\/04\/Imagen-3.jpg 1008w, https:\/\/fusinglass.com\/wp-content\/uploads\/2022\/04\/Imagen-3-300x229.jpg 300w, https:\/\/fusinglass.com\/wp-content\/uploads\/2022\/04\/Imagen-3-768x585.jpg 768w\" sizes=\"auto, (max-width: 1008px) 100vw, 1008px\" \/><\/figure>\n<\/div>\n\n\n\n<div class=\"wp-block-column is-layout-flow wp-block-column-is-layout-flow\">\n<figure class=\"wp-block-image size-full\"><img loading=\"lazy\" decoding=\"async\" width=\"945\" height=\"768\" src=\"https:\/\/fusinglass.com\/wp-content\/uploads\/2022\/04\/Imagen-1.jpg\" alt=\"\" class=\"wp-image-471\" srcset=\"https:\/\/fusinglass.com\/wp-content\/uploads\/2022\/04\/Imagen-1.jpg 945w, https:\/\/fusinglass.com\/wp-content\/uploads\/2022\/04\/Imagen-1-300x244.jpg 300w, https:\/\/fusinglass.com\/wp-content\/uploads\/2022\/04\/Imagen-1-768x624.jpg 768w\" sizes=\"auto, (max-width: 945px) 100vw, 945px\" \/><\/figure>\n<\/div>\n<\/div>\n\n\n\n<div class=\"wp-block-columns is-layout-flex wp-container-core-columns-is-layout-9d6595d7 wp-block-columns-is-layout-flex\">\n<div class=\"wp-block-column is-layout-flow wp-block-column-is-layout-flow\">\n<figure class=\"wp-block-image size-large\"><img loading=\"lazy\" decoding=\"async\" width=\"1024\" height=\"576\" src=\"https:\/\/fusinglass.com\/wp-content\/uploads\/2022\/04\/20210406_121834-1024x576.jpg\" alt=\"\" class=\"wp-image-472\" srcset=\"https:\/\/fusinglass.com\/wp-content\/uploads\/2022\/04\/20210406_121834-1024x576.jpg 1024w, https:\/\/fusinglass.com\/wp-content\/uploads\/2022\/04\/20210406_121834-300x169.jpg 300w, https:\/\/fusinglass.com\/wp-content\/uploads\/2022\/04\/20210406_121834-768x432.jpg 768w, https:\/\/fusinglass.com\/wp-content\/uploads\/2022\/04\/20210406_121834-1536x864.jpg 1536w, https:\/\/fusinglass.com\/wp-content\/uploads\/2022\/04\/20210406_121834-2048x1152.jpg 2048w\" sizes=\"auto, (max-width: 1024px) 100vw, 1024px\" \/><\/figure>\n<\/div>\n\n\n\n<div class=\"wp-block-column is-layout-flow wp-block-column-is-layout-flow\">\n<figure class=\"wp-block-image size-large\"><img loading=\"lazy\" decoding=\"async\" width=\"1024\" height=\"701\" src=\"https:\/\/fusinglass.com\/wp-content\/uploads\/2022\/04\/20200708_150509-1024x701.jpg\" alt=\"\" class=\"wp-image-473\" srcset=\"https:\/\/fusinglass.com\/wp-content\/uploads\/2022\/04\/20200708_150509-1024x701.jpg 1024w, https:\/\/fusinglass.com\/wp-content\/uploads\/2022\/04\/20200708_150509-300x205.jpg 300w, https:\/\/fusinglass.com\/wp-content\/uploads\/2022\/04\/20200708_150509-768x525.jpg 768w, https:\/\/fusinglass.com\/wp-content\/uploads\/2022\/04\/20200708_150509-1536x1051.jpg 1536w, https:\/\/fusinglass.com\/wp-content\/uploads\/2022\/04\/20200708_150509-2048x1401.jpg 2048w\" sizes=\"auto, (max-width: 1024px) 100vw, 1024px\" \/><\/figure>\n<\/div>\n\n\n\n<div class=\"wp-block-column is-layout-flow wp-block-column-is-layout-flow\">\n<figure class=\"wp-block-image size-large\"><img loading=\"lazy\" decoding=\"async\" width=\"1024\" height=\"576\" src=\"https:\/\/fusinglass.com\/wp-content\/uploads\/2022\/04\/20220222_122238-1024x576.jpg\" alt=\"\" class=\"wp-image-474\" srcset=\"https:\/\/fusinglass.com\/wp-content\/uploads\/2022\/04\/20220222_122238-1024x576.jpg 1024w, https:\/\/fusinglass.com\/wp-content\/uploads\/2022\/04\/20220222_122238-300x169.jpg 300w, https:\/\/fusinglass.com\/wp-content\/uploads\/2022\/04\/20220222_122238-768x432.jpg 768w, https:\/\/fusinglass.com\/wp-content\/uploads\/2022\/04\/20220222_122238-1536x864.jpg 1536w, https:\/\/fusinglass.com\/wp-content\/uploads\/2022\/04\/20220222_122238-2048x1152.jpg 2048w\" sizes=\"auto, (max-width: 1024px) 100vw, 1024px\" \/><\/figure>\n<\/div>\n<\/div>\n","protected":false},"excerpt":{"rendered":"<p>Encimera de Vidrio Las&nbsp;encimeras de vidrio&nbsp;para sanitarios&nbsp;convierten a estos espacios en lugares m\u00e1s&nbsp;higi\u00e9nicos y modernos. Contamos con amplia gama de modelos y colores para poder complacer cualquier proyecto, adapt\u00e1ndonos a las peticiones de nuestros clientes, en el dise\u00f1o, el color o textura de la unidad. El vidrio en la salud La transparencia del vidrio se &hellip;<\/p>\n<p class=\"read-more\"> <a class=\"\" href=\"https:\/\/fusinglass.com\/index.php\/encimeras-de-vidrio\/\"> <span class=\"screen-reader-text\">Encimeras de vidrio<\/span> Leer m\u00e1s &raquo;<\/a><\/p>\n","protected":false},"author":1,"featured_media":0,"parent":0,"menu_order":0,"comment_status":"closed","ping_status":"closed","template":"","meta":{"site-sidebar-layout":"default","site-content-layout":"default","ast-main-header-display":"","ast-hfb-above-header-display":"","ast-hfb-below-header-display":"","ast-hfb-mobile-header-display":"","site-post-title":"disabled","ast-breadcrumbs-content":"","ast-featured-img":"","footer-sml-layout":"","theme-transparent-header-meta":"","adv-header-id-meta":"","stick-header-meta":"","header-above-stick-meta":"","header-main-stick-meta":"","header-below-stick-meta":"","footnotes":""},"class_list":["post-463","page","type-page","status-publish","hentry"],"uagb_featured_image_src":{"full":false,"thumbnail":false,"medium":false,"medium_large":false,"large":false,"1536x1536":false,"2048x2048":false},"uagb_author_info":{"display_name":"admin","author_link":"https:\/\/fusinglass.com\/index.php\/author\/admin_vc9cilt3\/"},"uagb_comment_info":0,"uagb_excerpt":"Encimera de Vidrio Las&nbsp;encimeras de vidrio&nbsp;para sanitarios&nbsp;convierten a estos espacios en lugares m\u00e1s&nbsp;higi\u00e9nicos y modernos. Contamos con amplia gama de modelos y colores para poder complacer cualquier proyecto, adapt\u00e1ndonos a las peticiones de nuestros clientes, en el dise\u00f1o, el color o textura de la unidad. El vidrio en la salud La transparencia del vidrio se&hellip;","_links":{"self":[{"href":"https:\/\/fusinglass.com\/index.php\/wp-json\/wp\/v2\/pages\/463","targetHints":{"allow":["GET"]}}],"collection":[{"href":"https:\/\/fusinglass.com\/index.php\/wp-json\/wp\/v2\/pages"}],"about":[{"href":"https:\/\/fusinglass.com\/index.php\/wp-json\/wp\/v2\/types\/page"}],"author":[{"embeddable":true,"href":"https:\/\/fusinglass.com\/index.php\/wp-json\/wp\/v2\/users\/1"}],"replies":[{"embeddable":true,"href":"https:\/\/fusinglass.com\/index.php\/wp-json\/wp\/v2\/comments?post=463"}],"version-history":[{"count":3,"href":"https:\/\/fusinglass.com\/index.php\/wp-json\/wp\/v2\/pages\/463\/revisions"}],"predecessor-version":[{"id":661,"href":"https:\/\/fusinglass.com\/index.php\/wp-json\/wp\/v2\/pages\/463\/revisions\/661"}],"wp:attachment":[{"href":"https:\/\/fusinglass.com\/index.php\/wp-json\/wp\/v2\/media?parent=463"}],"curies":[{"name":"wp","href":"https:\/\/api.w.org\/{rel}","templated":true}]}}