{"id":478,"date":"2022-04-04T16:05:13","date_gmt":"2022-04-04T16:05:13","guid":{"rendered":"https:\/\/fusinglass.com\/?page_id=478"},"modified":"2022-04-14T07:20:36","modified_gmt":"2022-04-14T07:20:36","slug":"emplomadas","status":"publish","type":"page","link":"https:\/\/fusinglass.com\/index.php\/emplomadas\/","title":{"rendered":"Emplomadas"},"content":{"rendered":"\n<h1 class=\"has-text-align-center has-ast-global-color-0-color has-text-color wp-block-heading\">Vidrieras Emplomadas<\/h1>\n\n\n\n<figure class=\"wp-block-image size-large\"><img loading=\"lazy\" decoding=\"async\" width=\"1024\" height=\"576\" src=\"https:\/\/fusinglass.com\/wp-content\/uploads\/2022\/04\/IMG-20170902-WA0025-1024x576.jpg\" alt=\"\" class=\"wp-image-480\" srcset=\"https:\/\/fusinglass.com\/wp-content\/uploads\/2022\/04\/IMG-20170902-WA0025-1024x576.jpg 1024w, https:\/\/fusinglass.com\/wp-content\/uploads\/2022\/04\/IMG-20170902-WA0025-300x169.jpg 300w, https:\/\/fusinglass.com\/wp-content\/uploads\/2022\/04\/IMG-20170902-WA0025-768x432.jpg 768w, https:\/\/fusinglass.com\/wp-content\/uploads\/2022\/04\/IMG-20170902-WA0025-1536x864.jpg 1536w, https:\/\/fusinglass.com\/wp-content\/uploads\/2022\/04\/IMG-20170902-WA0025.jpg 1600w\" sizes=\"auto, (max-width: 1024px) 100vw, 1024px\" \/><\/figure>\n\n\n\n<p><strong>El arte de la vidriera<\/strong>&nbsp;se va gestando paulatinamente durante la alta Edad Media y alcanza su pleno desarrollo en la arquitectura de los estilos Rom\u00e1nico y G\u00f3tico. Si bien los procesos t\u00e9cnicos desarrollados en estos siglos se mantendr\u00e1n, con ligeras variaciones y algunas innovaciones, pr\u00e1cticamente inalterados hasta la actualidad, durante la segunda mitad del siglo XIX y la primera mitad del siglo XX se producir\u00e1 una profunda renovaci\u00f3n t\u00e9cnica y estil\u00edstica de esta especialidad. Este periodo trajo consigo no solo un renacimiento de las artes medievales sino tambi\u00e9n la recuperaci\u00f3n del oficio del vidriero y la aparici\u00f3n de numerosas novedades t\u00e9cnicas, como las vidrieras con cinta de cobre, tricrom\u00eda, etc.<\/p>\n\n\n\n<p><strong>Las vidrieras emplomadas&nbsp;<\/strong>son una composici\u00f3n art\u00edstica formada por vidrios de colores, cortados seg\u00fan dise\u00f1os y unidos con perfiles de plomo, siguiendo la t\u00e9cnica tradicional, tambi\u00e9n desarrollamos proyectos para Iglesias, Capillas, particulares, etc.<\/p>\n\n\n\n<p>Dise\u00f1amos, restauramos y fabricamos todo tipo de vidrieras de plomo, aluminio y combinaci\u00f3n de plomo con Fusing, siguiendo la t\u00e9cnica de los maestros de anta\u00f1o.<\/p>\n\n\n\n<h2 class=\"has-text-align-center has-ast-global-color-0-color has-ast-global-color-7-background-color has-text-color has-background wp-block-heading\"><strong>El trabajo es totalmente<\/strong>&nbsp;<strong>artesanal<\/strong>&nbsp;<strong>y \u00fanico<\/strong>.<\/h2>\n\n\n\n<figure class=\"wp-block-image size-large\"><img loading=\"lazy\" decoding=\"async\" width=\"1024\" height=\"768\" src=\"https:\/\/fusinglass.com\/wp-content\/uploads\/2022\/04\/20210618_124522-1024x768.jpg\" alt=\"\" class=\"wp-image-482\" srcset=\"https:\/\/fusinglass.com\/wp-content\/uploads\/2022\/04\/20210618_124522-1024x768.jpg 1024w, https:\/\/fusinglass.com\/wp-content\/uploads\/2022\/04\/20210618_124522-300x225.jpg 300w, https:\/\/fusinglass.com\/wp-content\/uploads\/2022\/04\/20210618_124522-768x576.jpg 768w, https:\/\/fusinglass.com\/wp-content\/uploads\/2022\/04\/20210618_124522-1536x1152.jpg 1536w, https:\/\/fusinglass.com\/wp-content\/uploads\/2022\/04\/20210618_124522-2048x1536.jpg 2048w\" sizes=\"auto, (max-width: 1024px) 100vw, 1024px\" \/><\/figure>\n\n\n\n<div class=\"wp-block-columns is-layout-flex wp-container-core-columns-is-layout-9d6595d7 wp-block-columns-is-layout-flex\">\n<div class=\"wp-block-column is-layout-flow wp-block-column-is-layout-flow\">\n<figure class=\"wp-block-gallery has-nested-images columns-default is-cropped wp-block-gallery-1 is-layout-flex wp-block-gallery-is-layout-flex\">\n<figure class=\"wp-block-image size-large\"><img loading=\"lazy\" decoding=\"async\" width=\"768\" height=\"1024\" data-id=\"486\" src=\"https:\/\/fusinglass.com\/wp-content\/uploads\/2022\/04\/20210617_083852-1-768x1024.jpg\" alt=\"\" class=\"wp-image-486\" srcset=\"https:\/\/fusinglass.com\/wp-content\/uploads\/2022\/04\/20210617_083852-1-768x1024.jpg 768w, https:\/\/fusinglass.com\/wp-content\/uploads\/2022\/04\/20210617_083852-1-225x300.jpg 225w, https:\/\/fusinglass.com\/wp-content\/uploads\/2022\/04\/20210617_083852-1-1152x1536.jpg 1152w, https:\/\/fusinglass.com\/wp-content\/uploads\/2022\/04\/20210617_083852-1-1536x2048.jpg 1536w, https:\/\/fusinglass.com\/wp-content\/uploads\/2022\/04\/20210617_083852-1-scaled.jpg 1920w\" sizes=\"auto, (max-width: 768px) 100vw, 768px\" \/><\/figure>\n<\/figure>\n<\/div>\n\n\n\n<div class=\"wp-block-column is-layout-flow wp-block-column-is-layout-flow\">\n<figure class=\"wp-block-gallery has-nested-images columns-default is-cropped wp-block-gallery-2 is-layout-flex wp-block-gallery-is-layout-flex\">\n<figure class=\"wp-block-image size-large\"><img loading=\"lazy\" decoding=\"async\" width=\"768\" height=\"1024\" data-id=\"488\" src=\"https:\/\/fusinglass.com\/wp-content\/uploads\/2022\/04\/20210617_113122-1-768x1024.jpg\" alt=\"\" class=\"wp-image-488\" srcset=\"https:\/\/fusinglass.com\/wp-content\/uploads\/2022\/04\/20210617_113122-1-768x1024.jpg 768w, https:\/\/fusinglass.com\/wp-content\/uploads\/2022\/04\/20210617_113122-1-225x300.jpg 225w, https:\/\/fusinglass.com\/wp-content\/uploads\/2022\/04\/20210617_113122-1-1152x1536.jpg 1152w, https:\/\/fusinglass.com\/wp-content\/uploads\/2022\/04\/20210617_113122-1-1536x2048.jpg 1536w, https:\/\/fusinglass.com\/wp-content\/uploads\/2022\/04\/20210617_113122-1-scaled.jpg 1920w\" sizes=\"auto, (max-width: 768px) 100vw, 768px\" \/><\/figure>\n<\/figure>\n<\/div>\n\n\n\n<div class=\"wp-block-column is-layout-flow wp-block-column-is-layout-flow\">\n<figure class=\"wp-block-image size-large\"><img loading=\"lazy\" decoding=\"async\" width=\"768\" height=\"1024\" src=\"https:\/\/fusinglass.com\/wp-content\/uploads\/2022\/04\/20210618_120702-768x1024.jpg\" alt=\"\" class=\"wp-image-485\" srcset=\"https:\/\/fusinglass.com\/wp-content\/uploads\/2022\/04\/20210618_120702-768x1024.jpg 768w, https:\/\/fusinglass.com\/wp-content\/uploads\/2022\/04\/20210618_120702-225x300.jpg 225w, https:\/\/fusinglass.com\/wp-content\/uploads\/2022\/04\/20210618_120702-1152x1536.jpg 1152w, https:\/\/fusinglass.com\/wp-content\/uploads\/2022\/04\/20210618_120702-1536x2048.jpg 1536w, https:\/\/fusinglass.com\/wp-content\/uploads\/2022\/04\/20210618_120702-scaled.jpg 1920w\" sizes=\"auto, (max-width: 768px) 100vw, 768px\" \/><\/figure>\n<\/div>\n<\/div>\n\n\n\n<div class=\"wp-block-columns is-layout-flex wp-container-core-columns-is-layout-9d6595d7 wp-block-columns-is-layout-flex\">\n<div class=\"wp-block-column is-layout-flow wp-block-column-is-layout-flow\">\n<figure class=\"wp-block-gallery has-nested-images columns-default is-cropped wp-block-gallery-3 is-layout-flex wp-block-gallery-is-layout-flex\">\n<figure class=\"wp-block-image size-large\"><img loading=\"lazy\" decoding=\"async\" width=\"600\" height=\"800\" data-id=\"487\" src=\"https:\/\/fusinglass.com\/wp-content\/uploads\/2022\/04\/IMG-20131115-WA0002.jpg\" alt=\"\" class=\"wp-image-487\" srcset=\"https:\/\/fusinglass.com\/wp-content\/uploads\/2022\/04\/IMG-20131115-WA0002.jpg 600w, https:\/\/fusinglass.com\/wp-content\/uploads\/2022\/04\/IMG-20131115-WA0002-225x300.jpg 225w\" sizes=\"auto, (max-width: 600px) 100vw, 600px\" \/><\/figure>\n<\/figure>\n<\/div>\n\n\n\n<div class=\"wp-block-column is-layout-flow wp-block-column-is-layout-flow\">\n<figure class=\"wp-block-gallery has-nested-images columns-default is-cropped wp-block-gallery-4 is-layout-flex wp-block-gallery-is-layout-flex\">\n<figure class=\"wp-block-image size-large\"><img loading=\"lazy\" decoding=\"async\" width=\"768\" height=\"1024\" data-id=\"489\" src=\"https:\/\/fusinglass.com\/wp-content\/uploads\/2022\/04\/20190711_112707-768x1024.jpg\" alt=\"\" class=\"wp-image-489\" srcset=\"https:\/\/fusinglass.com\/wp-content\/uploads\/2022\/04\/20190711_112707-768x1024.jpg 768w, https:\/\/fusinglass.com\/wp-content\/uploads\/2022\/04\/20190711_112707-225x300.jpg 225w, https:\/\/fusinglass.com\/wp-content\/uploads\/2022\/04\/20190711_112707-1152x1536.jpg 1152w, https:\/\/fusinglass.com\/wp-content\/uploads\/2022\/04\/20190711_112707-1536x2048.jpg 1536w, https:\/\/fusinglass.com\/wp-content\/uploads\/2022\/04\/20190711_112707-scaled.jpg 1920w\" sizes=\"auto, (max-width: 768px) 100vw, 768px\" \/><\/figure>\n<\/figure>\n<\/div>\n\n\n\n<div class=\"wp-block-column is-layout-flow wp-block-column-is-layout-flow\">\n<figure class=\"wp-block-gallery has-nested-images columns-default is-cropped wp-block-gallery-5 is-layout-flex wp-block-gallery-is-layout-flex\">\n<figure class=\"wp-block-image size-full\"><img loading=\"lazy\" decoding=\"async\" width=\"640\" height=\"853\" data-id=\"491\" src=\"https:\/\/fusinglass.com\/wp-content\/uploads\/2022\/04\/IMG-20150424-WA0001.jpg\" alt=\"\" class=\"wp-image-491\" srcset=\"https:\/\/fusinglass.com\/wp-content\/uploads\/2022\/04\/IMG-20150424-WA0001.jpg 640w, https:\/\/fusinglass.com\/wp-content\/uploads\/2022\/04\/IMG-20150424-WA0001-225x300.jpg 225w\" sizes=\"auto, (max-width: 640px) 100vw, 640px\" \/><\/figure>\n<\/figure>\n<\/div>\n<\/div>\n","protected":false},"excerpt":{"rendered":"<p>Vidrieras Emplomadas El arte de la vidriera&nbsp;se va gestando paulatinamente durante la alta Edad Media y alcanza su pleno desarrollo en la arquitectura de los estilos Rom\u00e1nico y G\u00f3tico. Si bien los procesos t\u00e9cnicos desarrollados en estos siglos se mantendr\u00e1n, con ligeras variaciones y algunas innovaciones, pr\u00e1cticamente inalterados hasta la actualidad, durante la segunda mitad &hellip;<\/p>\n<p class=\"read-more\"> <a class=\"\" href=\"https:\/\/fusinglass.com\/index.php\/emplomadas\/\"> <span class=\"screen-reader-text\">Emplomadas<\/span> Leer m\u00e1s &raquo;<\/a><\/p>\n","protected":false},"author":1,"featured_media":0,"parent":0,"menu_order":0,"comment_status":"closed","ping_status":"closed","template":"","meta":{"site-sidebar-layout":"default","site-content-layout":"default","ast-main-header-display":"","ast-hfb-above-header-display":"","ast-hfb-below-header-display":"","ast-hfb-mobile-header-display":"","site-post-title":"disabled","ast-breadcrumbs-content":"","ast-featured-img":"","footer-sml-layout":"","theme-transparent-header-meta":"","adv-header-id-meta":"","stick-header-meta":"","header-above-stick-meta":"","header-main-stick-meta":"","header-below-stick-meta":"","footnotes":""},"class_list":["post-478","page","type-page","status-publish","hentry"],"uagb_featured_image_src":{"full":false,"thumbnail":false,"medium":false,"medium_large":false,"large":false,"1536x1536":false,"2048x2048":false},"uagb_author_info":{"display_name":"admin","author_link":"https:\/\/fusinglass.com\/index.php\/author\/admin_vc9cilt3\/"},"uagb_comment_info":0,"uagb_excerpt":"Vidrieras Emplomadas El arte de la vidriera&nbsp;se va gestando paulatinamente durante la alta Edad Media y alcanza su pleno desarrollo en la arquitectura de los estilos Rom\u00e1nico y G\u00f3tico. Si bien los procesos t\u00e9cnicos desarrollados en estos siglos se mantendr\u00e1n, con ligeras variaciones y algunas innovaciones, pr\u00e1cticamente inalterados hasta la actualidad, durante la segunda mitad&hellip;","_links":{"self":[{"href":"https:\/\/fusinglass.com\/index.php\/wp-json\/wp\/v2\/pages\/478","targetHints":{"allow":["GET"]}}],"collection":[{"href":"https:\/\/fusinglass.com\/index.php\/wp-json\/wp\/v2\/pages"}],"about":[{"href":"https:\/\/fusinglass.com\/index.php\/wp-json\/wp\/v2\/types\/page"}],"author":[{"embeddable":true,"href":"https:\/\/fusinglass.com\/index.php\/wp-json\/wp\/v2\/users\/1"}],"replies":[{"embeddable":true,"href":"https:\/\/fusinglass.com\/index.php\/wp-json\/wp\/v2\/comments?post=478"}],"version-history":[{"count":5,"href":"https:\/\/fusinglass.com\/index.php\/wp-json\/wp\/v2\/pages\/478\/revisions"}],"predecessor-version":[{"id":684,"href":"https:\/\/fusinglass.com\/index.php\/wp-json\/wp\/v2\/pages\/478\/revisions\/684"}],"wp:attachment":[{"href":"https:\/\/fusinglass.com\/index.php\/wp-json\/wp\/v2\/media?parent=478"}],"curies":[{"name":"wp","href":"https:\/\/api.w.org\/{rel}","templated":true}]}}